{"id":130,"date":"2016-02-10T23:06:11","date_gmt":"2016-02-10T21:06:11","guid":{"rendered":"http:\/\/hyvinpyyhkii.fi\/?page_id=130&#038;lang=en"},"modified":"2017-01-12T14:03:26","modified_gmt":"2017-01-12T12:03:26","slug":"130-2","status":"publish","type":"page","link":"https:\/\/mortti.us\/en\/130-2\/","title":{"rendered":"Products"},"content":{"rendered":"<p><b>Here is some of our products.<\/b><\/p>\n<p><b>Uniburr deburrintool<\/b><br \/>\n<b> Tite-Reach extencion wrench<\/b><br \/>\n<b> <\/b><b>Zaurac 4-30 worklight<\/b><br \/>\n<b> <\/b><b>Ram-mounts <\/b><br \/>\n<b> <\/b><b>Spafax unbreakable mirrors<\/b><br \/>\n<b> <\/b><b>Tubi greaseguns<\/b><br \/>\n<b> <\/b><b>ConocoPhilips oils and greases<\/b><br \/>\n<b> <\/b><b>Motoren AG:n engines<\/b><br \/>\n<b>Nonnenmann GmbH products<\/b><br \/>\n<b><\/b><b>Vidbag bigbagvalve<\/b><br \/>\n<b>Sulax heated wiperblades<\/b><br \/>\n<b>PPEI customtuning for usa pickups<\/b><\/p>\n","protected":false},"excerpt":{"rendered":"<p>Here is some of our products. Uniburr deburrintool Tite-Reach extencion wrench Zaurac 4-30 worklight Ram-mounts Spafax unbreakable mirrors Tubi greaseguns ConocoPhilips oils and greases Motoren AG:n engines Nonnenmann GmbH products Vidbag bigbagvalve Sulax heated wiperblades PPEI customtuning for usa pickups<\/p>\n","protected":false},"author":37,"featured_media":0,"parent":0,"menu_order":0,"comment_status":"closed","ping_status":"closed","template":"","meta":{"_et_pb_use_builder":"on","_et_pb_old_content":"<p>Olemme kotimainen maahantuonti- & tukkuliike.<br \/> Asiakkaitamme ovat mm. maatalous, maanrakennus- ja mets\u00e4koneyritt\u00e4j\u00e4t, kuljetusliikkeet, kuluttajat sek\u00e4 teollisuuden toimijoita.<\/p><p>Kaikki ajoneuvojen pesuun, puhdistukseen ja suojaukseen<br \/> Kaikenlaiset ajoneuvojen valaisimet<br \/> Rasvat sek\u00e4 voiteluaineet<br \/> Autokalusteet ohjaamoon sek\u00e4 tavaratilaan<br \/> Ty\u00f6kalut sek\u00e4 varaosat<br \/> Talous ja teollisuuspesuaineet<br \/> Siivoustarvikkeet<br \/> Teollisuus ja hygieniapaperit<\/p><p>Meilt\u00e4 l\u00f6ytyy l\u00e4hes kaikki mit\u00e4 tarvitset pit\u00e4\u00e4ksesi itsesi, kiinteist\u00f6si sek\u00e4 ajoneuvosi sis\u00e4lt\u00e4 ja ulkoa huippukunnossa.<\/p><p>Kysy tarjousta t\u00e4ydennyspalvelusta jossa pid\u00e4mme huolta ett\u00e4 teilt\u00e4 l\u00f6ytyy aina sovitut tarvikkeet hyllyst\u00e4.<br \/> Oli kysymys sitten vessapapereista tai tiskiaineista aina vannehapoista painepesureihin asti.<\/p><p>Pyrimme aina l\u00f6yt\u00e4m\u00e4\u00e4n parhaan mahdollisen ratkaisun ja l\u00f6yd\u00e4mme sen vaikeimpiinkin kohteisiin yhteisty\u00f6kumppaniemme kanssa.<\/p><h3>\u00c4l\u00e4 siis juokse kaupasta toiseen kun voit hoitaa kaiken yhdell\u00e4 puhelinsoitolla!<\/h3><p>\u00a0<\/p><p>T\u00e4ss\u00e4 muutamia yhteisty\u00f6kumppaneitamme<br \/> <a href=\"https:\/\/www.dometic.com\/fi-fi\/fi\">Dometic <\/a><br \/> <a href=\"http:\/\/www.koivunen.fi\/tuotteet.html\">Koivunen<\/a><br \/> <a href=\"http:\/\/www.startax.net\">Startax<\/a><br \/> <a href=\"http:\/\/www.ocsoil.fi\/?page=TUOTTEET\">OCS oil<\/a><br \/> <a href=\"http:\/\/www.teknopalvelu.fi\/directions\">Teknopalvelu<\/a><br \/> <a href=\"http:\/\/www.nonnenmann.net\/us\/menu_produkte.php\">Nonnemann<\/a><br \/> <a href=\"http:\/\/store.fassride.com\/shop\/fuel-air-separation-systems.php\">Fass diesel polttoainej\u00e4rjestelm\u00e4t<\/a><br \/> <a href=\"https:\/\/ppei.com\">PPEI<\/a><b><br \/> <\/b><\/p>","_et_gb_content_width":"","footnotes":""},"class_list":["post-130","page","type-page","status-publish","hentry"],"yoast_head":"<!-- This site is optimized with the Yoast SEO plugin v27.3 - https:\/\/yoast.com\/product\/yoast-seo-wordpress\/ -->\n<title>Products - Mortti.us<\/title>\n<meta name=\"robots\" content=\"index, follow, max-snippet:-1, max-image-preview:large, max-video-preview:-1\" \/>\n<link rel=\"canonical\" href=\"https:\/\/mortti.us\/en\/130-2\/\" \/>\n<meta property=\"og:locale\" content=\"en_US\" \/>\n<meta property=\"og:type\" content=\"article\" \/>\n<meta property=\"og:title\" content=\"Products - Mortti.us\" \/>\n<meta property=\"og:description\" content=\"Here is some of our products. Uniburr deburrintool Tite-Reach extencion wrench Zaurac 4-30 worklight Ram-mounts Spafax unbreakable mirrors Tubi greaseguns ConocoPhilips oils and greases Motoren AG:n engines Nonnenmann GmbH products Vidbag bigbagvalve Sulax heated wiperblades PPEI customtuning for usa pickups\" \/>\n<meta property=\"og:url\" content=\"https:\/\/mortti.us\/en\/130-2\/\" \/>\n<meta property=\"og:site_name\" content=\"Mortti.us\" \/>\n<meta property=\"article:publisher\" content=\"https:\/\/www.facebook.com\/morttius\" \/>\n<meta property=\"article:modified_time\" content=\"2017-01-12T12:03:26+00:00\" \/>\n<meta name=\"twitter:card\" content=\"summary_large_image\" \/>\n<script type=\"application\/ld+json\" class=\"yoast-schema-graph\">{\"@context\":\"https:\\\/\\\/schema.org\",\"@graph\":[{\"@type\":\"WebPage\",\"@id\":\"https:\\\/\\\/mortti.us\\\/en\\\/130-2\\\/\",\"url\":\"https:\\\/\\\/mortti.us\\\/en\\\/130-2\\\/\",\"name\":\"Products - Mortti.us\",\"isPartOf\":{\"@id\":\"https:\\\/\\\/mortti.us\\\/#website\"},\"datePublished\":\"2016-02-10T21:06:11+00:00\",\"dateModified\":\"2017-01-12T12:03:26+00:00\",\"breadcrumb\":{\"@id\":\"https:\\\/\\\/mortti.us\\\/en\\\/130-2\\\/#breadcrumb\"},\"inLanguage\":\"en-US\",\"potentialAction\":[{\"@type\":\"ReadAction\",\"target\":[\"https:\\\/\\\/mortti.us\\\/en\\\/130-2\\\/\"]}]},{\"@type\":\"BreadcrumbList\",\"@id\":\"https:\\\/\\\/mortti.us\\\/en\\\/130-2\\\/#breadcrumb\",\"itemListElement\":[{\"@type\":\"ListItem\",\"position\":1,\"name\":\"Home\",\"item\":\"https:\\\/\\\/mortti.us\\\/en\\\/\"},{\"@type\":\"ListItem\",\"position\":2,\"name\":\"Products\"}]},{\"@type\":\"WebSite\",\"@id\":\"https:\\\/\\\/mortti.us\\\/#website\",\"url\":\"https:\\\/\\\/mortti.us\\\/\",\"name\":\"Mortti.us- melkein mit\u00e4 vain\",\"description\":\"Melkein mit\u00e4 vain\",\"publisher\":{\"@id\":\"https:\\\/\\\/mortti.us\\\/#organization\"},\"potentialAction\":[{\"@type\":\"SearchAction\",\"target\":{\"@type\":\"EntryPoint\",\"urlTemplate\":\"https:\\\/\\\/mortti.us\\\/?s={search_term_string}\"},\"query-input\":{\"@type\":\"PropertyValueSpecification\",\"valueRequired\":true,\"valueName\":\"search_term_string\"}}],\"inLanguage\":\"en-US\"},{\"@type\":\"Organization\",\"@id\":\"https:\\\/\\\/mortti.us\\\/#organization\",\"name\":\"mortti.us\",\"url\":\"https:\\\/\\\/mortti.us\\\/\",\"logo\":{\"@type\":\"ImageObject\",\"inLanguage\":\"en-US\",\"@id\":\"https:\\\/\\\/mortti.us\\\/#\\\/schema\\\/logo\\\/image\\\/\",\"url\":\"https:\\\/\\\/mortti.us\\\/wp-content\\\/uploads\\\/2019\\\/12\\\/M1-1.jpg\",\"contentUrl\":\"https:\\\/\\\/mortti.us\\\/wp-content\\\/uploads\\\/2019\\\/12\\\/M1-1.jpg\",\"width\":251,\"height\":65,\"caption\":\"mortti.us\"},\"image\":{\"@id\":\"https:\\\/\\\/mortti.us\\\/#\\\/schema\\\/logo\\\/image\\\/\"},\"sameAs\":[\"https:\\\/\\\/www.facebook.com\\\/morttius\",\"https:\\\/\\\/www.instagram.com\\\/morttius\\\/\",\"https:\\\/\\\/www.youtube.com\\\/user\\\/morttius\"]}]}<\/script>\n<!-- \/ Yoast SEO plugin. -->","yoast_head_json":{"title":"Products - Mortti.us","robots":{"index":"index","follow":"follow","max-snippet":"max-snippet:-1","max-image-preview":"max-image-preview:large","max-video-preview":"max-video-preview:-1"},"canonical":"https:\/\/mortti.us\/en\/130-2\/","og_locale":"en_US","og_type":"article","og_title":"Products - Mortti.us","og_description":"Here is some of our products. Uniburr deburrintool Tite-Reach extencion wrench Zaurac 4-30 worklight Ram-mounts Spafax unbreakable mirrors Tubi greaseguns ConocoPhilips oils and greases Motoren AG:n engines Nonnenmann GmbH products Vidbag bigbagvalve Sulax heated wiperblades PPEI customtuning for usa pickups","og_url":"https:\/\/mortti.us\/en\/130-2\/","og_site_name":"Mortti.us","article_publisher":"https:\/\/www.facebook.com\/morttius","article_modified_time":"2017-01-12T12:03:26+00:00","twitter_card":"summary_large_image","schema":{"@context":"https:\/\/schema.org","@graph":[{"@type":"WebPage","@id":"https:\/\/mortti.us\/en\/130-2\/","url":"https:\/\/mortti.us\/en\/130-2\/","name":"Products - Mortti.us","isPartOf":{"@id":"https:\/\/mortti.us\/#website"},"datePublished":"2016-02-10T21:06:11+00:00","dateModified":"2017-01-12T12:03:26+00:00","breadcrumb":{"@id":"https:\/\/mortti.us\/en\/130-2\/#breadcrumb"},"inLanguage":"en-US","potentialAction":[{"@type":"ReadAction","target":["https:\/\/mortti.us\/en\/130-2\/"]}]},{"@type":"BreadcrumbList","@id":"https:\/\/mortti.us\/en\/130-2\/#breadcrumb","itemListElement":[{"@type":"ListItem","position":1,"name":"Home","item":"https:\/\/mortti.us\/en\/"},{"@type":"ListItem","position":2,"name":"Products"}]},{"@type":"WebSite","@id":"https:\/\/mortti.us\/#website","url":"https:\/\/mortti.us\/","name":"Mortti.us- melkein mit\u00e4 vain","description":"Melkein mit\u00e4 vain","publisher":{"@id":"https:\/\/mortti.us\/#organization"},"potentialAction":[{"@type":"SearchAction","target":{"@type":"EntryPoint","urlTemplate":"https:\/\/mortti.us\/?s={search_term_string}"},"query-input":{"@type":"PropertyValueSpecification","valueRequired":true,"valueName":"search_term_string"}}],"inLanguage":"en-US"},{"@type":"Organization","@id":"https:\/\/mortti.us\/#organization","name":"mortti.us","url":"https:\/\/mortti.us\/","logo":{"@type":"ImageObject","inLanguage":"en-US","@id":"https:\/\/mortti.us\/#\/schema\/logo\/image\/","url":"https:\/\/mortti.us\/wp-content\/uploads\/2019\/12\/M1-1.jpg","contentUrl":"https:\/\/mortti.us\/wp-content\/uploads\/2019\/12\/M1-1.jpg","width":251,"height":65,"caption":"mortti.us"},"image":{"@id":"https:\/\/mortti.us\/#\/schema\/logo\/image\/"},"sameAs":["https:\/\/www.facebook.com\/morttius","https:\/\/www.instagram.com\/morttius\/","https:\/\/www.youtube.com\/user\/morttius"]}]}},"_links":{"self":[{"href":"https:\/\/mortti.us\/en\/wp-json\/wp\/v2\/pages\/130","targetHints":{"allow":["GET"]}}],"collection":[{"href":"https:\/\/mortti.us\/en\/wp-json\/wp\/v2\/pages"}],"about":[{"href":"https:\/\/mortti.us\/en\/wp-json\/wp\/v2\/types\/page"}],"author":[{"embeddable":true,"href":"https:\/\/mortti.us\/en\/wp-json\/wp\/v2\/users\/37"}],"replies":[{"embeddable":true,"href":"https:\/\/mortti.us\/en\/wp-json\/wp\/v2\/comments?post=130"}],"version-history":[{"count":5,"href":"https:\/\/mortti.us\/en\/wp-json\/wp\/v2\/pages\/130\/revisions"}],"predecessor-version":[{"id":216,"href":"https:\/\/mortti.us\/en\/wp-json\/wp\/v2\/pages\/130\/revisions\/216"}],"wp:attachment":[{"href":"https:\/\/mortti.us\/en\/wp-json\/wp\/v2\/media?parent=130"}],"curies":[{"name":"wp","href":"https:\/\/api.w.org\/{rel}","templated":true}]}}